{"id":11,"date":"2023-02-14T19:06:01","date_gmt":"2023-02-14T18:06:01","guid":{"rendered":"https:\/\/eprocurement-longlist.client-preview.de\/?page_id=11"},"modified":"2023-05-03T20:57:02","modified_gmt":"2023-05-03T18:57:02","slug":"impressum","status":"publish","type":"page","link":"https:\/\/eprocurement-longlist.de\/en\/impressum\/","title":{"rendered":"Legal notice"},"content":{"rendered":"<h3 class=\"wp-block-heading\">Responsible:<\/h3>\n\n\n\n<p>a.m.consult GmbH<br>K\u00f6nigswinterer Str. 418,<br>53227 Bonn<\/p>\n\n\n\n<h3 class=\"wp-block-heading\">Managing Directors:<\/h3>\n\n\n\n<p>Andreas Pohle, Joachim Frhr. v. L\u00fcninck<\/p>\n\n\n\n<p>Amtsgericht Bonn, HRB 18423<br>USt-ID-Nr. DE319876779<\/p>\n\n\n\n<h3 class=\"wp-block-heading\">Contact:<\/h3>\n\n\n\n<p>E-Mail: office(at)amc-group.de<br>Phone:&nbsp;<a href=\"tel:+49228763810\">+49 (0) 228 76 38 1 0<\/a><br>Fax:&nbsp;<a href=\"tel:+02287638190\">+49 (0) 228 76 38 1 90<\/a><\/p>","protected":false},"excerpt":{"rendered":"<p>Verantwortlich: a.m.consult GmbHK\u00f6nigswinterer Str. 418,53227 Bonn Gesch\u00e4ftsf\u00fchrer: Andreas Pohle, Joachim Frhr. v. L\u00fcninck Amtsgericht Bonn, HRB 18423USt-ID-Nr. DE319876779 Kontakt: E-Mail: office(at)amc-group.deTel.:&nbsp;+49 (0) 228 76 38 1 0Fax:&nbsp;+49 (0) 228 76 38 1 90<\/p>","protected":false},"author":1,"featured_media":0,"parent":0,"menu_order":0,"comment_status":"closed","ping_status":"closed","template":"","meta":{"_acf_changed":false,"slim_seo":{"title":"Impressum - eProcurement-Longlist","description":"Verantwortlich: a.m.consult GmbH K\u00f6nigswinterer Str. 418, 53227 Bonn Gesch\u00e4ftsf\u00fchrer: Andreas Pohle, Joachim Frhr. v. L\u00fcninck Amtsgericht Bonn, HRB 18423 USt-ID"},"iawp_total_views":877,"footnotes":""},"class_list":["post-11","page","type-page","status-publish","hentry"],"acf":[],"_links":{"self":[{"href":"https:\/\/eprocurement-longlist.de\/en\/wp-json\/wp\/v2\/pages\/11","targetHints":{"allow":["GET"]}}],"collection":[{"href":"https:\/\/eprocurement-longlist.de\/en\/wp-json\/wp\/v2\/pages"}],"about":[{"href":"https:\/\/eprocurement-longlist.de\/en\/wp-json\/wp\/v2\/types\/page"}],"author":[{"embeddable":true,"href":"https:\/\/eprocurement-longlist.de\/en\/wp-json\/wp\/v2\/users\/1"}],"replies":[{"embeddable":true,"href":"https:\/\/eprocurement-longlist.de\/en\/wp-json\/wp\/v2\/comments?post=11"}],"version-history":[{"count":3,"href":"https:\/\/eprocurement-longlist.de\/en\/wp-json\/wp\/v2\/pages\/11\/revisions"}],"predecessor-version":[{"id":2460,"href":"https:\/\/eprocurement-longlist.de\/en\/wp-json\/wp\/v2\/pages\/11\/revisions\/2460"}],"wp:attachment":[{"href":"https:\/\/eprocurement-longlist.de\/en\/wp-json\/wp\/v2\/media?parent=11"}],"curies":[{"name":"wp","href":"https:\/\/api.w.org\/{rel}","templated":true}]}}