{"id":1439,"date":"2023-04-19T18:55:44","date_gmt":"2023-04-19T16:55:44","guid":{"rendered":"https:\/\/eprocurement-longlist.client-preview.de\/?page_id=1439"},"modified":"2024-10-16T10:35:54","modified_gmt":"2024-10-16T08:35:54","slug":"register","status":"publish","type":"page","link":"https:\/\/eprocurement-longlist.de\/en\/register\/","title":{"rendered":"Create account"},"content":{"rendered":"<h2>Create your free account and find the right eSolution for your needs<\/h2>\n<p>Register now and get direct access to our extensive database of eProcurement and SCM solutions. With a free account, you can find software solutions that are precisely tailored to your procurement and supply chain management needs.<\/p>","protected":false},"excerpt":{"rendered":"<p>Erstellen Sie Ihr kostenloses Konto und finden Sie die passende eL\u00f6sung Melden Sie sich jetzt an und erhalten Sie direkten Zugriff auf unsere umfangreiche Datenbank von eProcurement- und SCM-L\u00f6sungen. Mit einem kostenlosen Konto k\u00f6nnen Sie Softwarel\u00f6sungen finden, die genau auf die Bed\u00fcrfnisse Ihres Einkaufs- und Supply Chain Managements abgestimmt sind.<\/p>","protected":false},"author":1,"featured_media":0,"parent":0,"menu_order":0,"comment_status":"closed","ping_status":"closed","template":"template-register.php","meta":{"_acf_changed":false,"slim_seo":{"title":"Konto erstellen - eProcurement-Longlist","description":"Erstellen Sie Ihr kostenloses Konto und finden Sie die passende eL\u00f6sung Melden Sie sich jetzt an und erhalten Sie direkten Zugriff auf unsere umfangreiche Daten"},"iawp_total_views":1164,"footnotes":""},"class_list":["post-1439","page","type-page","status-publish","hentry"],"acf":[],"_links":{"self":[{"href":"https:\/\/eprocurement-longlist.de\/en\/wp-json\/wp\/v2\/pages\/1439","targetHints":{"allow":["GET"]}}],"collection":[{"href":"https:\/\/eprocurement-longlist.de\/en\/wp-json\/wp\/v2\/pages"}],"about":[{"href":"https:\/\/eprocurement-longlist.de\/en\/wp-json\/wp\/v2\/types\/page"}],"author":[{"embeddable":true,"href":"https:\/\/eprocurement-longlist.de\/en\/wp-json\/wp\/v2\/users\/1"}],"replies":[{"embeddable":true,"href":"https:\/\/eprocurement-longlist.de\/en\/wp-json\/wp\/v2\/comments?post=1439"}],"version-history":[{"count":14,"href":"https:\/\/eprocurement-longlist.de\/en\/wp-json\/wp\/v2\/pages\/1439\/revisions"}],"predecessor-version":[{"id":2859,"href":"https:\/\/eprocurement-longlist.de\/en\/wp-json\/wp\/v2\/pages\/1439\/revisions\/2859"}],"wp:attachment":[{"href":"https:\/\/eprocurement-longlist.de\/en\/wp-json\/wp\/v2\/media?parent=1439"}],"curies":[{"name":"wp","href":"https:\/\/api.w.org\/{rel}","templated":true}]}}